{"id":1768,"date":"2024-09-16T11:45:34","date_gmt":"2024-09-16T09:45:34","guid":{"rendered":"https:\/\/gssgaliciaforum.com\/politica-de-privacidade\/"},"modified":"2026-02-16T09:51:05","modified_gmt":"2026-02-16T08:51:05","slug":"politica-de-privacidade","status":"publish","type":"page","link":"https:\/\/gssgaliciaforum.com\/gl\/politica-de-privacidade\/","title":{"rendered":"Pol\u00edtica de privacidade"},"content":{"rendered":"<p>[et_pb_section fb_built=&#8221;1&#8243; _builder_version=&#8221;4.27.5&#8243; _module_preset=&#8221;default&#8221; background_color=&#8221;gcid-body-color&#8221; use_background_color_gradient=&#8221;on&#8221; background_color_gradient_stops=&#8221;gcid-body-color 0%|rgba(255,255,255,0) 37%&#8221; background_color_gradient_overlays_image=&#8221;on&#8221; background_image=&#8221;https:\/\/gssgaliciaforum.com\/wp-content\/uploads\/2026\/02\/home-foro-gssg-iv-2.jpg&#8221; positioning=&#8221;none&#8221; position_origin_a=&#8221;top_center&#8221; position_origin_a_last_edited=&#8221;off|desktop&#8221; position_origin_f_last_edited=&#8221;off|desktop&#8221; position_origin_r_last_edited=&#8221;off|desktop&#8221; height_tablet=&#8221;&#8221; height_phone=&#8221;&#8221; height_last_edited=&#8221;on|phone&#8221; custom_padding=&#8221;||6px|||&#8221; hover_enabled=&#8221;0&#8243; positioning_last_edited=&#8221;off|desktop&#8221; locked=&#8221;off&#8221; global_colors_info=&#8221;{%22gcid-body-color%22:%91%22background_color%22%93}&#8221; title_text=&#8221;home-foro-gssg-iv&#8221; background_position=&#8221;bottom_center&#8221; sticky_enabled=&#8221;0&#8243;][et_pb_row use_custom_gutter=&#8221;on&#8221; _builder_version=&#8221;4.27.0&#8243; _module_preset=&#8221;default&#8221; width=&#8221;95%&#8221; max_width=&#8221;100%&#8221; custom_margin=&#8221;7%||2%||false|false&#8221; custom_margin_tablet=&#8221;10%|30px||30px|false|false&#8221; custom_margin_phone=&#8221;15%|20px||20px|false|false&#8221; custom_margin_last_edited=&#8221;on|phone&#8221; custom_padding=&#8221;||6px|||&#8221; global_colors_info=&#8221;{}&#8221;][et_pb_column type=&#8221;4_4&#8243; _builder_version=&#8221;4.27.0&#8243; _module_preset=&#8221;default&#8221; global_colors_info=&#8221;{}&#8221;][et_pb_text _builder_version=&#8221;4.27.5&#8243; _module_preset=&#8221;default&#8221; text_text_color=&#8221;#FFFFFF&#8221; header_text_color=&#8221;#FFFFFF&#8221; width_tablet=&#8221;650px&#8221; width_phone=&#8221;100%&#8221; width_last_edited=&#8221;on|phone&#8221; module_alignment=&#8221;left&#8221; custom_margin=&#8221;||5px||false|false&#8221; hover_enabled=&#8221;0&#8243; header_text_align_tablet=&#8221;&#8221; header_text_align_phone=&#8221;left&#8221; header_text_align_last_edited=&#8221;on|phone&#8221; global_colors_info=&#8221;{%22gcid-body-color%22:%91%22header_2_text_color%22,%22text_text_color%22%93}&#8221; sticky_enabled=&#8221;0&#8243;]<\/p>\n<h1>Pol\u00edtica de Privacidade<\/h1>\n<p>[\/et_pb_text][\/et_pb_column][\/et_pb_row][\/et_pb_section][et_pb_section fb_built=&#8221;1&#8243; _builder_version=&#8221;4.27.0&#8243; _module_preset=&#8221;default&#8221; global_colors_info=&#8221;{}&#8221;][et_pb_row _builder_version=&#8221;4.27.0&#8243; _module_preset=&#8221;default&#8221; width_tablet=&#8221;&#8221; width_phone=&#8221;&#8221; width_last_edited=&#8221;on|tablet&#8221; max_width_tablet=&#8221;&#8221; max_width_phone=&#8221;&#8221; max_width_last_edited=&#8221;on|desktop&#8221; module_alignment=&#8221;center&#8221; global_colors_info=&#8221;{}&#8221;][et_pb_column type=&#8221;4_4&#8243; _builder_version=&#8221;4.27.0&#8243; _module_preset=&#8221;default&#8221; global_colors_info=&#8221;{}&#8221;][et_pb_text _builder_version=&#8221;4.27.0&#8243; _module_preset=&#8221;default&#8221; text_font_size=&#8221;14px&#8221; text_line_height=&#8221;1.5em&#8221; header_2_text_align=&#8221;left&#8221; header_2_text_color=&#8221;gcid-heading-color&#8221; header_2_font_size=&#8221;20px&#8221; header_2_line_height=&#8221;1.3em&#8221; header_font_size_tablet=&#8221;&#8221; header_font_size_phone=&#8221;&#8221; header_font_size_last_edited=&#8221;on|desktop&#8221; header_2_font_size_tablet=&#8221;20px&#8221; header_2_font_size_phone=&#8221;20px&#8221; custom_css_main_element=&#8221;h2{||  margin-top:25px;||}&#8221; global_colors_info=&#8221;{%22gcid-body-color%22:%91%22header_text_color%22,%22text_text_color%22%93,%22gcid-heading-color%22:%91%22header_2_text_color%22%93}&#8221;]<\/p>\n<h2>1. Identidade do responsable do tratamento<\/h2>\n<p>A Responsable do Tratamento dos datos persoais tratados neste sitio web \u00e9 a <strong>FUNDACI\u00d3N NUEVA PESCANOVA<\/strong>, con domicilio en r\u00faa Jos\u00e9 Fern\u00e1ndez L\u00f3pez, s\/n, 36320, Chapela, Pontevedra, N.I.F. G-72496862 e rexistrada no Rexistro de Fundaci\u00f3ns de Interese Galego, Secci\u00f3n da Conseller\u00eda do Mar, da Xunta de Galicia, co n\u00famero 2023\/2.<\/p>\n<p>P\u00f3dese contactar coa Fundaci\u00f3n no email <a href=\"mailto:fundacionnpva@fundacionnuevapescanova.com\">fundacionnpva@fundacionnuevapescanova.com<\/a> ou remitindo unha comunicaci\u00f3n postal ao seu domicilio social.<\/p>\n<p>A Responsable do Tratamento cumpre integramente coa lexislaci\u00f3n vixente na materia, concretamente co Regulamento Xeral de Protecci\u00f3n de Datos e (EU) 679\/2016 e a Lei Org\u00e1nica 3\/2018 de Protecci\u00f3n de Datos de Car\u00e1cter Persoal e Garant\u00eda dos Dereitos Dixitais.<\/p>\n<h2>2. Datos tratados, finalidades e prazo de conservaci\u00f3n<\/h2>\n<ul>\n<li>Para xestionar a inscrici\u00f3n presencial ou en li\u00f1a do Usuario no <strong><em>Foro \u00abGalicia de Sostibilidade Global de Produtos do Mar\u00bb<\/em><\/strong> (o<em> Forum<\/em>, en diante) que se celebrar\u00e1 o 28 de abril de 2026, trataremos o seu nome, apelidos, enderezo de correo electr\u00f3nico, tel\u00e9fono, pa\u00eds de residencia, cidade, nome da compa\u00f1\u00eda \u00e1 que pertence e cargo que ostenta na mesma.<\/li>\n<li>Para unha efectiva contestaci\u00f3n \u00e1s cuesti\u00f3ns expostas por calquera Usuario a trav\u00e9s do n\u00famero tel\u00e9fono ou correo electr\u00f3nico que constan na Web, trataremos os seus datos identificativos e de contacto: nome, apelidos e enderezo de correo electr\u00f3nico.<\/li>\n<li>Para contactar con vostede, no seu caso, para co\u00f1ecer o grao de satisfacci\u00f3n co servizo prestado e as\u00ed avaliar a calidade do mesmo mediante o env\u00edo de correos electr\u00f3nicos con enquisas ou formularios de satisfacci\u00f3n trataremos o seu nome, apelidos e direcci\u00f3n de correo electr\u00f3nico.<\/li>\n<\/ul>\n<p>Nos formularios dispo\u00f1ibles na Rede indicaranse os datos obrigatorios (cun \u200b\u200basterisco (*). A falta de achega de determinada informaci\u00f3n cando se indica como obrigatoria pode provocar que non se poida tramitar a s\u00faa solicitude de alta. <\/p>\n<p>Durante a navegaci\u00f3n, poder\u00e1n facilitarse datos como os que env\u00eda o navegador, a direcci\u00f3n IP asignada polo seu provedor, informaci\u00f3n do dispositivo utilizado ou determinados perf\u00eds sociais asociados ao Usuario.<\/p>\n<p>O Usuario garante que os datos persoais facilitados son verdadeiros e exactos e comprom\u00e9tese a comunicar calquera modificaci\u00f3n ou modificaci\u00f3n dos datos. Calquera perda ou dano causado ao Sitio Web, ao Responsable de Datos ou a calquera terceiro pola achega de informaci\u00f3n err\u00f3nea, inexacta ou incompleta nos formularios ser\u00e1 de exclusiva responsabilidade do Usuario. <\/p>\n<p>No caso de que os datos persoais achegados pertencesen a un terceiro, vostede garante que informou ao devandito terceiro desta Pol\u00edtica de Privacidade e obtivo a s\u00faa autorizaci\u00f3n para facilitar os seus datos a FUNDACI\u00d3N NOVA PESCANOVA coas finalidades que se sinalan m\u00e1is adiante.<\/p>\n<h2>3. Lexitimaci\u00f3n do tratamento<\/h2>\n<p>As bases de lexitimaci\u00f3n legal do tratamento dos datos persoais do Usuario var\u00edan dependendo da natureza do tratamento dos mesmos e as s\u00faas finalidades:<\/p>\n<ul>\n<li>A base lex\u00edtima para xestionar o rexistro presencial ou en li\u00f1a do Usuario no <em>Foro<\/em> \u00e9 o consentimento expreso do Usuario cubrindo o formulario establecido para tal fin, inclu\u00edndo os datos identificados como obrigatorios, aceptando esta Pol\u00edtica de Privacidade, e facendo clic na caixa para enviar o rexistro. O consentimento \u00e9 sempre revogable e p\u00f3dese exercer en calquera momento. <\/li>\n<li>A base de lexitimaci\u00f3n para a efectiva contestaci\u00f3n \u00e1s cuesti\u00f3ns expostas \u00e9 o interese lex\u00edtimo perseguido polo Responsable do Tratamento.<\/li>\n<li>A base de lexitimaci\u00f3n para o env\u00edo de enquisas ou enquisas de satisfacci\u00f3n ao Usuario \u00e9 o interese lex\u00edtimo perseguido polo Responsable do Tratamento para avaliar a calidade dos servizos prestados por ser fundamental para estar en disposici\u00f3n de garantir uns adecuados est\u00e1ndares de calidade.<\/li>\n<\/ul>\n<p>No caso de que a FUNDACI\u00d3N NOVA PESCANOVA quixese tratar os seus datos persoais para uns fins distintos para os que se obtiveron (definidos anteriormente) proporcionar\u00e1selle, antes do devandito tratamento, informaci\u00f3n sobre esta nova finalidade e requirir\u00e1selle para que preste un novo consentimento expreso ou acollerase a outra base de lexitimaci\u00f3n v\u00e1lida, conforme \u00e1 normativa sobre protecci\u00f3n de datos persoais vixente en cada momento.<\/p>\n<p>O Usuario ser\u00e1 o \u00fanico responsable no suposto de facilitar datos falsos, inexactos, incompletos ou non actualizados.<\/p>\n<h2>4. Conservaci\u00f3n<\/h2>\n<p>Segundo a natureza e a finalidade dos datos persoais recollidos e tratados polo Responsable, estes conservaranse mentres non se revogue o consentimento ou mentres sexan necesarios para acadar os fins descritos. Polo mesmo motivo, eliminaremos ou anonimizaremos os datos persoais unha vez que xa non sexan necesarios para acadar eses fins, salvo que sexa necesario conservalos (debidamente bloqueados) durante un per\u00edodo m\u00e1is longo cando exista unha obriga legal ou regulamentaria ou cando os datos persoais sexan necesarios para establecer, exercer e\/ou defender reclamaci\u00f3ns legais, investigaci\u00f3ns ou procedementos similares, reais ou potenciais. <\/p>\n<p>En ning\u00fan caso se adoptar\u00e1n decisi\u00f3ns individuais automatizadas en relaci\u00f3n co Usuario.<\/p>\n<h2>5. Comunicaci\u00f3n, acceso a datos e encargas de tratamento<\/h2>\n<p>Como regra xeral, os datos non ser\u00e1n obxecto de cesi\u00f3n nin comunicaci\u00f3n a terceiros a non ser por obriga legal.<\/p>\n<p>A xesti\u00f3n e tramitaci\u00f3n da participaci\u00f3n dun Usuario rexistrado no <em>Forum<\/em> \u00e9 levada a cabo por <strong>UNA GRUPO IDEAS FACTORY, S.L. (con NIF B-36532034, domicilio social en Avda. Barcelona 33A local 1A, 15706, Santiago de Compostela, e correo electr\u00f3nico de contacto info@unagrupo.com), coa que o Titular subscribiu o oportuno contrato de prestaci\u00f3n de servizos, as\u00ed como de encargado de tratamento de datos persoais, polo que act\u00faa como <strong><em>ENCARGADA DO TRATAMENTO<\/em><\/strong> dos datos persoais introducidos polos Usuarios no proceso de compra en li\u00f1a.<\/strong><\/p>\n<h2>6. Transferencia internacional de datos e cesi\u00f3ns<\/h2>\n<p>Non se prev\u00e9n, salvo obriga legal ou en cumprimento dun requirimento de autoridade xudicial ou administrativa competente.<\/p>\n<h2>7. Exercicio de dereitos<\/h2>\n<p>Calquera persoa ten dereito a obter confirmaci\u00f3n sobre se se est\u00e1n tratando ou non datos persoais que lle conciernen. Os interesados \u200b\u200bte\u00f1en dereito a acceder aos seus datos persoais, as\u00ed como a solicitar a rectificaci\u00f3n dos datos inexactos ou, se \u00e9 o caso, solicitar a s\u00faa supresi\u00f3n cando, entre outros motivos, os datos xa non sexan necesarios para os fins para os que foron recollidos ou desexen retirar o consentimento que deron orixinalmente. En determinadas circunstancias, os interesados \u200b\u200bpoder\u00e1n solicitar a restrici\u00f3n do tratamento dos seus datos ou opo\u00f1erse ao seu tratamento. Neste caso, conservar\u00e9molo s\u00f3 para o exercicio ou a defensa de reclamaci\u00f3ns legais.  <\/p>\n<p>Para exercer os seus dereitos, os Usuarios poder\u00e1n enviar unha comunicaci\u00f3n escrita ao <strong>Comit\u00e9 de Protecci\u00f3n de Datos e Privacidade<\/strong> do Grupo Nueva Pescanova, por alg\u00fan dos dous medios seguintes: (i) Mediante carta dirixida a R\u00faa Jos\u00e9 Fern\u00e1ndez L\u00f3pez, S\/n. 36320. Chapela. Rodeo. Pontevedra (Espa\u00f1a); ou (ii) Por correo electr\u00f3nico ao enderezo <a href=\"mailto:comite.datos.privacidad@nuevapescanova.com\">comite.datos.privacidad@nuevapescanova.com<\/a> .     <\/p>\n<p>Se se exercese o dereito de portabilidade e, de proceder este, facilitar\u00edanse os seus datos ao novo Responsable do Tratamento.<\/p>\n<p>Sen prexu\u00edzo dos medios indicados para o exercicio de dereitos, se considerase que vulneramos os seus dereitos individuais sobre os seus datos persoais, sempre o\/a asistir\u00e1 o dereito a presentar unha reclamaci\u00f3n ante a Axencia Espa\u00f1ola de Protecci\u00f3n de Datos (<a href=\"https:\/\/sedeagpd.gob.es\/sede-electronica-web\/vistas\/infoSede\/tramitesCiudadano.jsf\">https:\/\/sedeagpd.gob.es\/sede-electronica-web\/vistas\/infoSede\/tramitesCiudadano.jsf<\/a>).<\/p>\n<p>&nbsp;<\/p>\n<p>[\/et_pb_text][\/et_pb_column][\/et_pb_row][\/et_pb_section]<\/p>\n","protected":false},"excerpt":{"rendered":"<p>Pol\u00edtica de Privacidade1. Identidade do responsable do tratamento A Responsable do Tratamento dos datos persoais tratados neste sitio web \u00e9 a FUNDACI\u00d3N NUEVA PESCANOVA, con domicilio en r\u00faa Jos\u00e9 Fern\u00e1ndez L\u00f3pez, s\/n, 36320, Chapela, Pontevedra, N.I.F. G-72496862 e rexistrada no Rexistro de Fundaci\u00f3ns de Interese Galego, Secci\u00f3n da Conseller\u00eda do Mar, da Xunta de Galicia, [&hellip;]<\/p>\n","protected":false},"author":1,"featured_media":0,"parent":0,"menu_order":22,"comment_status":"closed","ping_status":"closed","template":"","meta":{"_et_pb_use_builder":"on","_et_pb_old_content":"","_et_gb_content_width":"","footnotes":""},"class_list":["post-1768","page","type-page","status-publish","hentry"],"yoast_head":"<!-- This site is optimized with the Yoast SEO plugin v27.0 - https:\/\/yoast.com\/product\/yoast-seo-wordpress\/ -->\n<title>Pol\u00edtica de privacidade - Foro GSSG<\/title>\n<meta name=\"robots\" content=\"noindex, nofollow\" \/>\n<meta property=\"og:locale\" content=\"gl_ES\" \/>\n<meta property=\"og:type\" content=\"article\" \/>\n<meta property=\"og:title\" content=\"Pol\u00edtica de privacidade - Foro GSSG\" \/>\n<meta property=\"og:description\" content=\"Pol\u00edtica de Privacidade1. Identidade do responsable do tratamento A Responsable do Tratamento dos datos persoais tratados neste sitio web \u00e9 a FUNDACI\u00d3N NUEVA PESCANOVA, con domicilio en r\u00faa Jos\u00e9 Fern\u00e1ndez L\u00f3pez, s\/n, 36320, Chapela, Pontevedra, N.I.F. G-72496862 e rexistrada no Rexistro de Fundaci\u00f3ns de Interese Galego, Secci\u00f3n da Conseller\u00eda do Mar, da Xunta de Galicia, [&hellip;]\" \/>\n<meta property=\"og:url\" content=\"https:\/\/gssgaliciaforum.com\/gl\/politica-de-privacidade\/\" \/>\n<meta property=\"og:site_name\" content=\"Foro GSSG\" \/>\n<meta property=\"article:modified_time\" content=\"2026-02-16T08:51:05+00:00\" \/>\n<meta name=\"twitter:card\" content=\"summary_large_image\" \/>\n<meta name=\"twitter:label1\" content=\"Tempo de lectura\" \/>\n\t<meta name=\"twitter:data1\" content=\"8 minutos\" \/>\n<script type=\"application\/ld+json\" class=\"yoast-schema-graph\">{\"@context\":\"https:\/\/schema.org\",\"@graph\":[{\"@type\":\"WebPage\",\"@id\":\"https:\/\/gssgaliciaforum.com\/gl\/politica-de-privacidade\/\",\"url\":\"https:\/\/gssgaliciaforum.com\/gl\/politica-de-privacidade\/\",\"name\":\"Pol\u00edtica de privacidade - Foro GSSG\",\"isPartOf\":{\"@id\":\"https:\/\/gssgaliciaforum.com\/gl\/#website\"},\"datePublished\":\"2024-09-16T09:45:34+00:00\",\"dateModified\":\"2026-02-16T08:51:05+00:00\",\"breadcrumb\":{\"@id\":\"https:\/\/gssgaliciaforum.com\/gl\/politica-de-privacidade\/#breadcrumb\"},\"inLanguage\":\"gl-ES\",\"potentialAction\":[{\"@type\":\"ReadAction\",\"target\":[\"https:\/\/gssgaliciaforum.com\/gl\/politica-de-privacidade\/\"]}]},{\"@type\":\"BreadcrumbList\",\"@id\":\"https:\/\/gssgaliciaforum.com\/gl\/politica-de-privacidade\/#breadcrumb\",\"itemListElement\":[{\"@type\":\"ListItem\",\"position\":1,\"name\":\"Portada\",\"item\":\"https:\/\/gssgaliciaforum.com\/gl\/inicio\/\"},{\"@type\":\"ListItem\",\"position\":2,\"name\":\"Pol\u00edtica de privacidade\"}]},{\"@type\":\"WebSite\",\"@id\":\"https:\/\/gssgaliciaforum.com\/gl\/#website\",\"url\":\"https:\/\/gssgaliciaforum.com\/gl\/\",\"name\":\"Foro GSSG\",\"description\":\"IV Foro Galicia Sostibilidade Global de Productos do Mar\",\"potentialAction\":[{\"@type\":\"SearchAction\",\"target\":{\"@type\":\"EntryPoint\",\"urlTemplate\":\"https:\/\/gssgaliciaforum.com\/gl\/?s={search_term_string}\"},\"query-input\":{\"@type\":\"PropertyValueSpecification\",\"valueRequired\":true,\"valueName\":\"search_term_string\"}}],\"inLanguage\":\"gl-ES\"}]}<\/script>\n<!-- \/ Yoast SEO plugin. -->","yoast_head_json":{"title":"Pol\u00edtica de privacidade - Foro GSSG","robots":{"index":"noindex","follow":"nofollow"},"og_locale":"gl_ES","og_type":"article","og_title":"Pol\u00edtica de privacidade - Foro GSSG","og_description":"Pol\u00edtica de Privacidade1. Identidade do responsable do tratamento A Responsable do Tratamento dos datos persoais tratados neste sitio web \u00e9 a FUNDACI\u00d3N NUEVA PESCANOVA, con domicilio en r\u00faa Jos\u00e9 Fern\u00e1ndez L\u00f3pez, s\/n, 36320, Chapela, Pontevedra, N.I.F. G-72496862 e rexistrada no Rexistro de Fundaci\u00f3ns de Interese Galego, Secci\u00f3n da Conseller\u00eda do Mar, da Xunta de Galicia, [&hellip;]","og_url":"https:\/\/gssgaliciaforum.com\/gl\/politica-de-privacidade\/","og_site_name":"Foro GSSG","article_modified_time":"2026-02-16T08:51:05+00:00","twitter_card":"summary_large_image","twitter_misc":{"Tempo de lectura":"8 minutos"},"schema":{"@context":"https:\/\/schema.org","@graph":[{"@type":"WebPage","@id":"https:\/\/gssgaliciaforum.com\/gl\/politica-de-privacidade\/","url":"https:\/\/gssgaliciaforum.com\/gl\/politica-de-privacidade\/","name":"Pol\u00edtica de privacidade - Foro GSSG","isPartOf":{"@id":"https:\/\/gssgaliciaforum.com\/gl\/#website"},"datePublished":"2024-09-16T09:45:34+00:00","dateModified":"2026-02-16T08:51:05+00:00","breadcrumb":{"@id":"https:\/\/gssgaliciaforum.com\/gl\/politica-de-privacidade\/#breadcrumb"},"inLanguage":"gl-ES","potentialAction":[{"@type":"ReadAction","target":["https:\/\/gssgaliciaforum.com\/gl\/politica-de-privacidade\/"]}]},{"@type":"BreadcrumbList","@id":"https:\/\/gssgaliciaforum.com\/gl\/politica-de-privacidade\/#breadcrumb","itemListElement":[{"@type":"ListItem","position":1,"name":"Portada","item":"https:\/\/gssgaliciaforum.com\/gl\/inicio\/"},{"@type":"ListItem","position":2,"name":"Pol\u00edtica de privacidade"}]},{"@type":"WebSite","@id":"https:\/\/gssgaliciaforum.com\/gl\/#website","url":"https:\/\/gssgaliciaforum.com\/gl\/","name":"Foro GSSG","description":"IV Foro Galicia Sostibilidade Global de Productos do Mar","potentialAction":[{"@type":"SearchAction","target":{"@type":"EntryPoint","urlTemplate":"https:\/\/gssgaliciaforum.com\/gl\/?s={search_term_string}"},"query-input":{"@type":"PropertyValueSpecification","valueRequired":true,"valueName":"search_term_string"}}],"inLanguage":"gl-ES"}]}},"_links":{"self":[{"href":"https:\/\/gssgaliciaforum.com\/gl\/wp-json\/wp\/v2\/pages\/1768","targetHints":{"allow":["GET"]}}],"collection":[{"href":"https:\/\/gssgaliciaforum.com\/gl\/wp-json\/wp\/v2\/pages"}],"about":[{"href":"https:\/\/gssgaliciaforum.com\/gl\/wp-json\/wp\/v2\/types\/page"}],"author":[{"embeddable":true,"href":"https:\/\/gssgaliciaforum.com\/gl\/wp-json\/wp\/v2\/users\/1"}],"replies":[{"embeddable":true,"href":"https:\/\/gssgaliciaforum.com\/gl\/wp-json\/wp\/v2\/comments?post=1768"}],"version-history":[{"count":5,"href":"https:\/\/gssgaliciaforum.com\/gl\/wp-json\/wp\/v2\/pages\/1768\/revisions"}],"predecessor-version":[{"id":628340,"href":"https:\/\/gssgaliciaforum.com\/gl\/wp-json\/wp\/v2\/pages\/1768\/revisions\/628340"}],"wp:attachment":[{"href":"https:\/\/gssgaliciaforum.com\/gl\/wp-json\/wp\/v2\/media?parent=1768"}],"curies":[{"name":"wp","href":"https:\/\/api.w.org\/{rel}","templated":true}]}}