{"id":1715,"date":"2024-09-16T15:31:46","date_gmt":"2024-09-16T13:31:46","guid":{"rendered":"https:\/\/gssgaliciaforum.com\/aviso-legal\/"},"modified":"2026-02-16T09:50:35","modified_gmt":"2026-02-16T08:50:35","slug":"aviso-legal","status":"publish","type":"page","link":"https:\/\/gssgaliciaforum.com\/gl\/aviso-legal\/","title":{"rendered":"Aviso Legal"},"content":{"rendered":"<p>[et_pb_section fb_built=&#8221;1&#8243; _builder_version=&#8221;4.27.5&#8243; _module_preset=&#8221;default&#8221; background_color=&#8221;gcid-body-color&#8221; use_background_color_gradient=&#8221;on&#8221; background_color_gradient_stops=&#8221;gcid-body-color 0%|rgba(255,255,255,0) 37%&#8221; background_color_gradient_overlays_image=&#8221;on&#8221; background_image=&#8221;https:\/\/gssgaliciaforum.com\/wp-content\/uploads\/2026\/02\/home-foro-gssg-iv-2.jpg&#8221; positioning=&#8221;none&#8221; position_origin_a=&#8221;top_center&#8221; position_origin_a_last_edited=&#8221;off|desktop&#8221; position_origin_f_last_edited=&#8221;off|desktop&#8221; position_origin_r_last_edited=&#8221;off|desktop&#8221; height_tablet=&#8221;&#8221; height_phone=&#8221;&#8221; height_last_edited=&#8221;on|phone&#8221; custom_padding=&#8221;||6px|||&#8221; hover_enabled=&#8221;0&#8243; positioning_last_edited=&#8221;off|desktop&#8221; locked=&#8221;off&#8221; global_colors_info=&#8221;{%22gcid-body-color%22:%91%22background_color%22%93}&#8221; title_text=&#8221;home-foro-gssg-iv&#8221; background_position=&#8221;bottom_center&#8221; sticky_enabled=&#8221;0&#8243;][et_pb_row use_custom_gutter=&#8221;on&#8221; _builder_version=&#8221;4.27.0&#8243; _module_preset=&#8221;default&#8221; width=&#8221;95%&#8221; max_width=&#8221;100%&#8221; custom_margin=&#8221;7%||2%||false|false&#8221; custom_margin_tablet=&#8221;10%|30px||30px|false|false&#8221; custom_margin_phone=&#8221;15%|20px||20px|false|false&#8221; custom_margin_last_edited=&#8221;on|phone&#8221; custom_padding=&#8221;||6px|||&#8221; global_colors_info=&#8221;{}&#8221;][et_pb_column type=&#8221;4_4&#8243; _builder_version=&#8221;4.27.0&#8243; _module_preset=&#8221;default&#8221; global_colors_info=&#8221;{}&#8221;][et_pb_text _builder_version=&#8221;4.27.5&#8243; _module_preset=&#8221;default&#8221; text_text_color=&#8221;#FFFFFF&#8221; header_text_color=&#8221;#FFFFFF&#8221; width_tablet=&#8221;650px&#8221; width_phone=&#8221;100%&#8221; width_last_edited=&#8221;on|phone&#8221; module_alignment=&#8221;left&#8221; custom_margin=&#8221;||5px||false|false&#8221; hover_enabled=&#8221;0&#8243; header_text_align_tablet=&#8221;&#8221; header_text_align_phone=&#8221;left&#8221; header_text_align_last_edited=&#8221;on|phone&#8221; global_colors_info=&#8221;{%22gcid-body-color%22:%91%22header_2_text_color%22,%22text_text_color%22%93}&#8221; sticky_enabled=&#8221;0&#8243;]<\/p>\n<h1>Aviso Legal<\/h1>\n<p>[\/et_pb_text][\/et_pb_column][\/et_pb_row][\/et_pb_section][et_pb_section fb_built=&#8221;1&#8243; _builder_version=&#8221;4.27.0&#8243; _module_preset=&#8221;default&#8221; global_colors_info=&#8221;{}&#8221;][et_pb_row _builder_version=&#8221;4.27.0&#8243; _module_preset=&#8221;default&#8221; width_tablet=&#8221;&#8221; width_phone=&#8221;&#8221; width_last_edited=&#8221;on|tablet&#8221; max_width_tablet=&#8221;&#8221; max_width_phone=&#8221;&#8221; max_width_last_edited=&#8221;on|desktop&#8221; module_alignment=&#8221;center&#8221; global_colors_info=&#8221;{}&#8221;][et_pb_column type=&#8221;4_4&#8243; _builder_version=&#8221;4.27.0&#8243; _module_preset=&#8221;default&#8221; global_colors_info=&#8221;{}&#8221;][et_pb_text _builder_version=&#8221;4.27.0&#8243; _module_preset=&#8221;default&#8221; text_font_size=&#8221;14px&#8221; text_line_height=&#8221;1.5em&#8221; header_2_text_align=&#8221;left&#8221; header_2_text_color=&#8221;gcid-heading-color&#8221; header_2_font_size=&#8221;20px&#8221; header_2_line_height=&#8221;1.3em&#8221; hover_enabled=&#8221;0&#8243; header_font_size_tablet=&#8221;&#8221; header_font_size_phone=&#8221;&#8221; header_font_size_last_edited=&#8221;on|desktop&#8221; header_2_font_size_tablet=&#8221;20px&#8221; header_2_font_size_phone=&#8221;20px&#8221; custom_css_main_element=&#8221;h2{||  margin-top:25px;||}&#8221; global_colors_info=&#8221;{%22gcid-body-color%22:%91%22header_text_color%22,%22text_text_color%22%93,%22gcid-heading-color%22:%91%22header_2_text_color%22%93}&#8221; sticky_enabled=&#8221;0&#8243;]<\/p>\n<h2>A Fundaci\u00f3n Nueva Pescanova (\u00abFundaci\u00f3n NPVA\u00bb ou \u00abTitular\u00bb, en diante), con enderezo na r\u00faa Jos\u00e9 Fern\u00e1ndez L\u00f3pez, s\/n, 36320, Chapela, Pontevedra, N.I.F. G-72496862 e rexistrada no Rexistro de Fundaci\u00f3ns de Interese Galego, Secci\u00f3n da Conseller\u00eda do Mar, da Xunta de Galicia co n\u00famero 2023\/2, \u00e9 titular do portal www.gssgaliciaforum.com (en diante, tam\u00e9n denominado \u00abWeb\u00bb ou \u00abPortal\u00bb).<\/h2>\n<p>A Fundaci\u00f3n Nueva Pescanova (\u00abFundaci\u00f3n NPVA\u00bb ou \u00abTitular\u00bb, en diante), con enderezo na r\u00faa Jos\u00e9 Fern\u00e1ndez L\u00f3pez, s\/n, 36320, Chapela, Pontevedra, N.I.F. G-72496862 e rexistrada no Rexistro de Fundaci\u00f3ns de Interese Galego, Secci\u00f3n da Conseller\u00eda do Mar, da Xunta de Galicia co n\u00famero 2023\/2, \u00e9 titular do portal www.gssgaliciaforum.com (en diante, tam\u00e9n denominado \u00abWeb\u00bb ou \u00abPortal\u00bb).<\/p>\n<p>A utilizaci\u00f3n da Web atrib\u00fae a condici\u00f3n de usuario da Web (en diante, o \u00abUsuario\u00bb) e implica a aceptaci\u00f3n de todas as condici\u00f3ns inclu\u00eddas neste Aviso Legal. A prestaci\u00f3n do servizo da Web ten unha duraci\u00f3n limitada ao momento no que o Usuario se atope conectado \u00e1 Web ou a alg\u00fan dos servizos que a trav\u00e9s da mesma se facilitan. Polo tanto, o Usuario debe ler atentamente o presente Aviso Legal en cada unha das ocasi\u00f3ns en que vaia utilizar a Web, xa que as condici\u00f3ns de uso recollidas no presente Aviso Legal poden sufrir modificaci\u00f3ns.  <\/p>\n<h2>2. Obxecto<\/h2>\n<p>Mediante este Aviso Legal, a Fundaci\u00f3n NPVA informa os usuarios do Portal sobre as condici\u00f3ns de uso do mesmo.<\/p>\n<p>Este Aviso Legal \u00e9 aplicable a aquelas persoas f\u00edsicas maiores de 18 anos, ou persoas xur\u00eddicas, que accedan aos contidos da Web e\/ou fagan uso dos servizos prestados na Web. Os menores de 18 anos ou persoas incapacitadas deber\u00e1n facer uso da Web baixo a enteira responsabilidade dos seus pais, representantes ou titores legais, debendo estes acompa\u00f1ar, supervisar ou tomar as precauci\u00f3ns oportunas durante a navegaci\u00f3n daqueles polas p\u00e1xinas web. <\/p>\n<h2>3. Condici\u00f3ns de acceso e uso<\/h2>\n<p>O acceso \u00e1 Web require unha conexi\u00f3n a Internet e \u00e9 gratu\u00edto para os Usuarios [ag\u00e1s o custo da conexi\u00f3n a trav\u00e9s da rede de telecomunicaci\u00f3ns proporcionada polo provedor de acceso contratado polos Usuarios]. A dispo\u00f1ibilidade e a calidade do acceso non dependen do Titular. O Titular non se fai responsable de ning\u00fan aspecto relacionado co servizo de acceso a Internet do Usuario.<\/p>\n<p>O Usuario obr\u00edgase a:<\/p>\n<ul>\n<li>Utilizar a Web de conformidade coa lexislaci\u00f3n vixente, o presente Aviso Legal, respectando os dereitos de propiedade intelectual do Titular ou de terceiros, os bos costumes, a boa fe e a \u00abnetiqueta\u00bb, \u00e9 dicir, ao conxunto de normas de comportamento xeral en Internet;<\/li>\n<li>Realizar un uso dilixente dos recursos e a non realizar ningunha acci\u00f3n que cause dano ou alteraci\u00f3ns dos contidos ou obstaculice o bo funcionamento do Portal, compromet\u00e9ndose expresamente polo s\u00f3 uso da mesma a non causar problemas t\u00e9cnicos de calquera \u00edndole, transferir elementos susceptibles de portar virus inform\u00e1ticos ou danar, interferir ou interceptar total ou parcialmente o Portal;<\/li>\n<li>Aceptar os termos e condici\u00f3ns dun servizo ou recurso concreto cando estas fosen necesarias, o que ser\u00e1 explicitamente requirido no seu caso;<\/li>\n<li>Non facer uso da Web f\u00f3ra dos termos aceptados polas presentes condici\u00f3ns de uso, concretamente para fins il\u00edcitos, contrarios \u00e1 lei, a moral ou \u00e1 orde p\u00fablica en calquera das s\u00faas expresi\u00f3ns, ou constitutivas de delito. En ning\u00fan caso realizar\u00e1 acci\u00f3ns que resulten ofensivas para o bo nome e imaxe do Titular, outros Usuarios do Portal ou para terceiros. <\/li>\n<\/ul>\n<p>En caso de permitirse comentarios ou entradas de opini\u00f3ns, o Titular non se responsabilizar\u00e1 en ning\u00fan caso das opini\u00f3ns vertidas por terceiros, a\u00ednda que se reserva o dereito para retirar ou mesmo non publicar aqueles que resulten ofensivos ou inadecuados ou, na s\u00faa falta, cando tivese co\u00f1ecemento efectivo do contido do publicado.<\/p>\n<p>O Titular reserva para si o dereito a denegar ou retirar o acceso \u00e1 Web en calquera momento e sen necesidade de aviso previo a aqueles Usuarios que non cumpran as presentes condici\u00f3ns xerais de uso.<\/p>\n<h2>4. Propiedade intelectual e industrial<\/h2>\n<p>Son propiedade de Fundaci\u00f3n NPVA ou de terceiros todos os contidos da Web, inclu\u00edndo, a t\u00edtulo meramente enunciativo e non limitativo, os textos, fotograf\u00edas, ligaz\u00f3ns, debuxos industriais, estrutura, imaxes, dese\u00f1os, textos, gr\u00e1ficos, contidos audiovisuais ou sonoros, bot\u00f3ns, elementos constitutivos do c\u00f3digo obxecto, a programaci\u00f3n e enxe\u00f1er\u00eda do c\u00f3digo fonte ou calquera outros signos susceptibles de utilizaci\u00f3n industrial e comercial. Todos estes elementos, ademais das publicaci\u00f3ns inclu\u00eddas, est\u00e1n protexidos pola normativa espa\u00f1ola e europea sobre propiedade intelectual e industrial e at\u00f3panse suxeitos a dereitos de propiedade intelectual e industrial do Titular e\/ou de terceiros titulares dos mesmos, que autorizaron debidamente a s\u00faa inclusi\u00f3n no Portal, polo que o Usuario comprom\u00e9tese a non infrinxir ning\u00fan dereito derivado da propiedade intelectual ou industrial, quedando expresamente prohibida a reproduci\u00f3n total ou parcial dos mesmos, a s\u00faa comunicaci\u00f3n p\u00fablica, distribuci\u00f3n ou calquera forma de explotaci\u00f3n, salvo consentimento expreso e por escrito por parte de Fundaci\u00f3n NPVA. <\/p>\n<p>O Titular ou terceiros son titulares das marcas, logos, nomes comerciais ou calquera outro signo distintivo, estando protexidos pola lexislaci\u00f3n en materia de propiedade industrial, non pod\u00e9ndose entender que o acceso \u00e1 Web atrib\u00faa ao Usuario ning\u00fan dereito sobre as citadas marcas, nomes comerciais e\/ou signos distintivos.<\/p>\n<p>Queda totalmente prohibida calquera alteraci\u00f3n, reproduci\u00f3n, adaptaci\u00f3n, modificaci\u00f3n ou comunicaci\u00f3n p\u00fablica da totalidade ou parte dos contidos da Web, efectuada de calquera forma ou por calquera medio, mec\u00e1nico, manual ou outro, sen a autorizaci\u00f3n previa e expresa do Titular.<\/p>\n<p>Non se poder\u00e1 establecer ning\u00fan v\u00ednculo a esta Web desde calquera outra web sen o previo e expreso consentimento do Titular. Calquera ligaz\u00f3n realizada \u00e1 Web deber\u00e1 dirixirse \u00e1 \u00abhome\u00bb ou p\u00e1xina de inicio, prohib\u00edndose a realizaci\u00f3n de ligaz\u00f3ns profundas ou dirixidas a outros contidos distintos do mencionado. <\/p>\n<p>De igual maneira, queda prohibida a pr\u00e1ctica de navegaci\u00f3n sobre marcos ou \u00abframes\u00bb.<\/p>\n<p>A existencia de ligaz\u00f3ns de terceiros na web do Titular, salvo manifestaci\u00f3n expresa en sentido contrario, facil\u00edtase a efectos informativos, sen que o Titular te\u00f1a control alg\u00fan sobre o contido ou materiais dos mesmos. Polo tanto, o Titular non acepta ning\u00fan tipo de responsabilidade por ning\u00fan dano ou perda derivado do seu uso. O Titular reserva para si o dereito a retirar de modo unilateral e en calquera momento as ligaz\u00f3ns que aparecen na s\u00faa web.  <\/p>\n<h2>5. Responsabilidad do titular<\/h2>\n<p>O Titular fai todo o posible por manter actualizada a s\u00faa Web para que o Usuario poida acceder \u00e1 mesma en todo momento e para que a web non sufra interrupci\u00f3ns, mais non pode garantir a ausencia de fallos tecnol\u00f3xicos, nin garantir a permanente dispo\u00f1ibilidade do Portal e dos servizos contidos nel. En consecuencia, o Titular non se far\u00e1 responsable dos danos e prexu\u00edzos de natureza que puidesen derivarse de, con car\u00e1cter meramente enunciativo e non limitativo: (i) a falta de dispo\u00f1ibilidade do Portal, de fallos no acceso debido a desconexi\u00f3ns, avar\u00edas, sobrecargas ou ca\u00eddas da rede, Internet ou outros sistemas electr\u00f3nicos, non imputables ao Titular, (ii) suspensi\u00f3ns temporais do Portal, (ii) virus inform\u00e1ticos ou (iii) por causas de Forza Maior.     <\/p>\n<p>No caso de usuarios menores de idade ou persoas incapacitadas, ser\u00e1n os seus pais, representantes ou titores legais, os responsables de que estes accedan \u00e1 Web, aos produtos, servizos ou contidos, ou se rexistren, polo que lles recomendamos acompa\u00f1ar, supervisar ou tomar as precauci\u00f3ns oportunas durante a navegaci\u00f3n por p\u00e1xinas web.<\/p>\n<h2>6. Modificaci\u00f3n do aviso legal e suspensi\u00f3n da web<\/h2>\n<p>O Titular reserva para si o dereito a actualizar, modificar ou eliminar este Aviso Legal e as Condici\u00f3ns Xerais de Uso, a s\u00faa configuraci\u00f3n, as prestaci\u00f3ns e servizos en calquera momento e sen necesidade de aviso previo.<\/p>\n<p>O Titular poder\u00e1, sen necesidade de aviso previo, suspender temporalmente o contido da Web por raz\u00f3ns de mantemento ou reparaci\u00f3n dos seus sistemas e introducir os cambios que estime oportunos na mesma. O Titular excl\u00fae calquera responsabilidade polos danos e prexu\u00edzos de calquera natureza derivados do exercicio das facultades definidas nesta secci\u00f3n. <\/p>\n<h2>7. Comunicaci\u00f3ns e notificaci\u00f3ns<\/h2>\n<p>As comunicaci\u00f3ns e notificaci\u00f3ns por parte do Usuario ao Titular deber\u00e1n efectuarse a trav\u00e9s dos datos de contacto que se indican na Web.<\/p>\n<h2>8. Protecci\u00f3n de datos de car\u00e1cter personal<\/h2>\n<p>O tratamento de datos persoais do Usuario rexerase #de acordo co establecido na pol\u00edtica de privacidade de Fundaci\u00f3n NPVA, accesible <a href=\"https:\/\/gssgaliciaforum.com\/politica-privacidad\/\">aqu\u00ed<\/a>.<\/p>\n<h2>9. Nulidad das cl\u00e1usulas<\/h2>\n<p>Se calquera contido deste Aviso Legal fose declarada total ou parcialmente nulo ou ineficaz, por resoluci\u00f3n firme ditada por unha autoridade competente, esta declaraci\u00f3n afectar\u00e1 s\u00f3 ao contido ou parte do mesmo que resulte nulo ou ineficaz, permanecendo en vigor o resto dos termos deste Aviso Legal. Nese caso terase tal contido, ou a parte do mesmo que resulte afectado, por non posto, e o Titular efectuar\u00e1 as modificaci\u00f3ns pertinentes no per\u00edodo de tempo m\u00e1is breve posible. <\/p>\n<h2>10. Lexislaci\u00f3n e xurisdici\u00f3n aplicable<\/h2>\n<p>O presente Aviso Legal, as\u00ed como calquera relaci\u00f3n entre o Titular e o Usuario, queda sometido \u00e1 lexislaci\u00f3n espa\u00f1ola.<\/p>\n<p>Con car\u00e1cter xeral, calquera controversia que puidese xurdir en relaci\u00f3n con este Aviso Legal someterase aos Xulgados e Tribunais da localidade de Vigo, con renuncia a calquera outro foro.<\/p>\n<p>[\/et_pb_text][\/et_pb_column][\/et_pb_row][\/et_pb_section]<\/p>\n","protected":false},"excerpt":{"rendered":"<p>Aviso LegalA Fundaci\u00f3n Nueva Pescanova (\u00abFundaci\u00f3n NPVA\u00bb ou \u00abTitular\u00bb, en diante), con enderezo na r\u00faa Jos\u00e9 Fern\u00e1ndez L\u00f3pez, s\/n, 36320, Chapela, Pontevedra, N.I.F. G-72496862 e rexistrada no Rexistro de Fundaci\u00f3ns de Interese Galego, Secci\u00f3n da Conseller\u00eda do Mar, da Xunta de Galicia co n\u00famero 2023\/2, \u00e9 titular do portal www.gssgaliciaforum.com (en diante, tam\u00e9n denominado \u00abWeb\u00bb [&hellip;]<\/p>\n","protected":false},"author":1,"featured_media":0,"parent":0,"menu_order":20,"comment_status":"closed","ping_status":"closed","template":"","meta":{"_et_pb_use_builder":"on","_et_pb_old_content":"","_et_gb_content_width":"","footnotes":""},"class_list":["post-1715","page","type-page","status-publish","hentry"],"yoast_head":"<!-- This site is optimized with the Yoast SEO plugin v27.0 - https:\/\/yoast.com\/product\/yoast-seo-wordpress\/ -->\n<title>Aviso Legal - Foro GSSG<\/title>\n<meta name=\"robots\" content=\"noindex, nofollow\" \/>\n<meta property=\"og:locale\" content=\"gl_ES\" \/>\n<meta property=\"og:type\" content=\"article\" \/>\n<meta property=\"og:title\" content=\"Aviso Legal - Foro GSSG\" \/>\n<meta property=\"og:description\" content=\"Aviso LegalA Fundaci\u00f3n Nueva Pescanova (\u00abFundaci\u00f3n NPVA\u00bb ou \u00abTitular\u00bb, en diante), con enderezo na r\u00faa Jos\u00e9 Fern\u00e1ndez L\u00f3pez, s\/n, 36320, Chapela, Pontevedra, N.I.F. G-72496862 e rexistrada no Rexistro de Fundaci\u00f3ns de Interese Galego, Secci\u00f3n da Conseller\u00eda do Mar, da Xunta de Galicia co n\u00famero 2023\/2, \u00e9 titular do portal www.gssgaliciaforum.com (en diante, tam\u00e9n denominado \u00abWeb\u00bb [&hellip;]\" \/>\n<meta property=\"og:url\" content=\"https:\/\/gssgaliciaforum.com\/gl\/aviso-legal\/\" \/>\n<meta property=\"og:site_name\" content=\"Foro GSSG\" \/>\n<meta property=\"article:modified_time\" content=\"2026-02-16T08:50:35+00:00\" \/>\n<meta name=\"twitter:card\" content=\"summary_large_image\" \/>\n<meta name=\"twitter:label1\" content=\"Tempo de lectura\" \/>\n\t<meta name=\"twitter:data1\" content=\"10 minutos\" \/>\n<script type=\"application\/ld+json\" class=\"yoast-schema-graph\">{\"@context\":\"https:\/\/schema.org\",\"@graph\":[{\"@type\":\"WebPage\",\"@id\":\"https:\/\/gssgaliciaforum.com\/gl\/aviso-legal\/\",\"url\":\"https:\/\/gssgaliciaforum.com\/gl\/aviso-legal\/\",\"name\":\"Aviso Legal - Foro GSSG\",\"isPartOf\":{\"@id\":\"https:\/\/gssgaliciaforum.com\/gl\/#website\"},\"datePublished\":\"2024-09-16T13:31:46+00:00\",\"dateModified\":\"2026-02-16T08:50:35+00:00\",\"breadcrumb\":{\"@id\":\"https:\/\/gssgaliciaforum.com\/gl\/aviso-legal\/#breadcrumb\"},\"inLanguage\":\"gl-ES\",\"potentialAction\":[{\"@type\":\"ReadAction\",\"target\":[\"https:\/\/gssgaliciaforum.com\/gl\/aviso-legal\/\"]}]},{\"@type\":\"BreadcrumbList\",\"@id\":\"https:\/\/gssgaliciaforum.com\/gl\/aviso-legal\/#breadcrumb\",\"itemListElement\":[{\"@type\":\"ListItem\",\"position\":1,\"name\":\"Portada\",\"item\":\"https:\/\/gssgaliciaforum.com\/gl\/inicio\/\"},{\"@type\":\"ListItem\",\"position\":2,\"name\":\"Aviso Legal\"}]},{\"@type\":\"WebSite\",\"@id\":\"https:\/\/gssgaliciaforum.com\/gl\/#website\",\"url\":\"https:\/\/gssgaliciaforum.com\/gl\/\",\"name\":\"Foro GSSG\",\"description\":\"IV Foro Galicia Sostibilidade Global de Productos do Mar\",\"potentialAction\":[{\"@type\":\"SearchAction\",\"target\":{\"@type\":\"EntryPoint\",\"urlTemplate\":\"https:\/\/gssgaliciaforum.com\/gl\/?s={search_term_string}\"},\"query-input\":{\"@type\":\"PropertyValueSpecification\",\"valueRequired\":true,\"valueName\":\"search_term_string\"}}],\"inLanguage\":\"gl-ES\"}]}<\/script>\n<!-- \/ Yoast SEO plugin. -->","yoast_head_json":{"title":"Aviso Legal - Foro GSSG","robots":{"index":"noindex","follow":"nofollow"},"og_locale":"gl_ES","og_type":"article","og_title":"Aviso Legal - Foro GSSG","og_description":"Aviso LegalA Fundaci\u00f3n Nueva Pescanova (\u00abFundaci\u00f3n NPVA\u00bb ou \u00abTitular\u00bb, en diante), con enderezo na r\u00faa Jos\u00e9 Fern\u00e1ndez L\u00f3pez, s\/n, 36320, Chapela, Pontevedra, N.I.F. G-72496862 e rexistrada no Rexistro de Fundaci\u00f3ns de Interese Galego, Secci\u00f3n da Conseller\u00eda do Mar, da Xunta de Galicia co n\u00famero 2023\/2, \u00e9 titular do portal www.gssgaliciaforum.com (en diante, tam\u00e9n denominado \u00abWeb\u00bb [&hellip;]","og_url":"https:\/\/gssgaliciaforum.com\/gl\/aviso-legal\/","og_site_name":"Foro GSSG","article_modified_time":"2026-02-16T08:50:35+00:00","twitter_card":"summary_large_image","twitter_misc":{"Tempo de lectura":"10 minutos"},"schema":{"@context":"https:\/\/schema.org","@graph":[{"@type":"WebPage","@id":"https:\/\/gssgaliciaforum.com\/gl\/aviso-legal\/","url":"https:\/\/gssgaliciaforum.com\/gl\/aviso-legal\/","name":"Aviso Legal - Foro GSSG","isPartOf":{"@id":"https:\/\/gssgaliciaforum.com\/gl\/#website"},"datePublished":"2024-09-16T13:31:46+00:00","dateModified":"2026-02-16T08:50:35+00:00","breadcrumb":{"@id":"https:\/\/gssgaliciaforum.com\/gl\/aviso-legal\/#breadcrumb"},"inLanguage":"gl-ES","potentialAction":[{"@type":"ReadAction","target":["https:\/\/gssgaliciaforum.com\/gl\/aviso-legal\/"]}]},{"@type":"BreadcrumbList","@id":"https:\/\/gssgaliciaforum.com\/gl\/aviso-legal\/#breadcrumb","itemListElement":[{"@type":"ListItem","position":1,"name":"Portada","item":"https:\/\/gssgaliciaforum.com\/gl\/inicio\/"},{"@type":"ListItem","position":2,"name":"Aviso Legal"}]},{"@type":"WebSite","@id":"https:\/\/gssgaliciaforum.com\/gl\/#website","url":"https:\/\/gssgaliciaforum.com\/gl\/","name":"Foro GSSG","description":"IV Foro Galicia Sostibilidade Global de Productos do Mar","potentialAction":[{"@type":"SearchAction","target":{"@type":"EntryPoint","urlTemplate":"https:\/\/gssgaliciaforum.com\/gl\/?s={search_term_string}"},"query-input":{"@type":"PropertyValueSpecification","valueRequired":true,"valueName":"search_term_string"}}],"inLanguage":"gl-ES"}]}},"_links":{"self":[{"href":"https:\/\/gssgaliciaforum.com\/gl\/wp-json\/wp\/v2\/pages\/1715","targetHints":{"allow":["GET"]}}],"collection":[{"href":"https:\/\/gssgaliciaforum.com\/gl\/wp-json\/wp\/v2\/pages"}],"about":[{"href":"https:\/\/gssgaliciaforum.com\/gl\/wp-json\/wp\/v2\/types\/page"}],"author":[{"embeddable":true,"href":"https:\/\/gssgaliciaforum.com\/gl\/wp-json\/wp\/v2\/users\/1"}],"replies":[{"embeddable":true,"href":"https:\/\/gssgaliciaforum.com\/gl\/wp-json\/wp\/v2\/comments?post=1715"}],"version-history":[{"count":5,"href":"https:\/\/gssgaliciaforum.com\/gl\/wp-json\/wp\/v2\/pages\/1715\/revisions"}],"predecessor-version":[{"id":628335,"href":"https:\/\/gssgaliciaforum.com\/gl\/wp-json\/wp\/v2\/pages\/1715\/revisions\/628335"}],"wp:attachment":[{"href":"https:\/\/gssgaliciaforum.com\/gl\/wp-json\/wp\/v2\/media?parent=1715"}],"curies":[{"name":"wp","href":"https:\/\/api.w.org\/{rel}","templated":true}]}}