{"id":1315,"date":"2024-09-18T11:36:07","date_gmt":"2024-09-18T09:36:07","guid":{"rendered":"https:\/\/gssgaliciaforum.com\/asistencia-online\/"},"modified":"2026-04-24T13:54:36","modified_gmt":"2026-04-24T11:54:36","slug":"asistencia-online","status":"publish","type":"page","link":"https:\/\/gssgaliciaforum.com\/gl\/asistencia-online\/","title":{"rendered":"Soporte en li\u00f1a"},"content":{"rendered":"<p>[et_pb_section fb_built=&#8221;1&#8243; _builder_version=&#8221;4.27.5&#8243; _module_preset=&#8221;default&#8221; background_color=&#8221;gcid-body-color&#8221; use_background_color_gradient=&#8221;on&#8221; background_color_gradient_stops=&#8221;gcid-body-color 0%|rgba(255,255,255,0) 37%&#8221; background_color_gradient_overlays_image=&#8221;on&#8221; background_image=&#8221;https:\/\/gssgaliciaforum.com\/wp-content\/uploads\/2026\/02\/home-foro-gssg-iv.jpg&#8221; background_position=&#8221;bottom_center&#8221; positioning=&#8221;none&#8221; position_origin_a=&#8221;top_center&#8221; position_origin_a_last_edited=&#8221;off|desktop&#8221; position_origin_f_last_edited=&#8221;off|desktop&#8221; position_origin_r_last_edited=&#8221;off|desktop&#8221; height_tablet=&#8221;&#8221; height_phone=&#8221;&#8221; height_last_edited=&#8221;on|phone&#8221; custom_padding=&#8221;||6px|||&#8221; positioning_last_edited=&#8221;off|desktop&#8221; locked=&#8221;off&#8221; global_colors_info=&#8221;{%22gcid-body-color%22:%91%22background_color%22%93}&#8221;][et_pb_row use_custom_gutter=&#8221;on&#8221; _builder_version=&#8221;4.27.0&#8243; _module_preset=&#8221;default&#8221; width=&#8221;95%&#8221; max_width=&#8221;100%&#8221; custom_margin=&#8221;7%||2%||false|false&#8221; custom_margin_tablet=&#8221;10%|30px||30px|false|false&#8221; custom_margin_phone=&#8221;15%|20px||20px|false|false&#8221; custom_margin_last_edited=&#8221;on|phone&#8221; custom_padding=&#8221;||6px|||&#8221; global_colors_info=&#8221;{}&#8221;][et_pb_column type=&#8221;4_4&#8243; _builder_version=&#8221;4.27.0&#8243; _module_preset=&#8221;default&#8221; global_colors_info=&#8221;{}&#8221;][et_pb_text _builder_version=&#8221;4.27.0&#8243; _module_preset=&#8221;default&#8221; text_text_color=&#8221;#FFFFFF&#8221; header_text_color=&#8221;#FFFFFF&#8221; width_tablet=&#8221;650px&#8221; width_phone=&#8221;100%&#8221; width_last_edited=&#8221;on|phone&#8221; module_alignment=&#8221;left&#8221; custom_margin=&#8221;||5px||false|false&#8221; header_text_align_tablet=&#8221;&#8221; header_text_align_phone=&#8221;left&#8221; header_text_align_last_edited=&#8221;on|phone&#8221; global_colors_info=&#8221;{%22gcid-body-color%22:%91%22header_2_text_color%22,%22text_text_color%22%93}&#8221;]<\/p>\n<h1>Asistencia en li\u00f1a<\/h1>\n<p>[\/et_pb_text][\/et_pb_column][\/et_pb_row][\/et_pb_section][et_pb_section fb_built=&#8221;1&#8243; _builder_version=&#8221;4.27.0&#8243; _module_preset=&#8221;default&#8221; animation_style=&#8221;fade&#8221; global_colors_info=&#8221;{}&#8221;][et_pb_row _builder_version=&#8221;4.27.0&#8243; _module_preset=&#8221;default&#8221; global_colors_info=&#8221;{}&#8221;][et_pb_column type=&#8221;4_4&#8243; _builder_version=&#8221;4.27.0&#8243; _module_preset=&#8221;default&#8221; global_colors_info=&#8221;{}&#8221;][et_pb_text _builder_version=&#8221;4.27.5&#8243; _module_preset=&#8221;default&#8221; text_font=&#8221;|600||on|||||&#8221; text_font_size=&#8221;14px&#8221; text_letter_spacing=&#8221;0.5px&#8221; background_color=&#8221;gcid-e30c3a1c-e085-4bef-9ee7-126ee051f15f&#8221; text_orientation=&#8221;center&#8221; custom_margin_tablet=&#8221;||20px||false|false&#8221; custom_margin_phone=&#8221;||20px||false|false&#8221; custom_padding=&#8221;8px|5px|8px|5px|true|true&#8221; text_font_size_tablet=&#8221;14px&#8221; text_font_size_phone=&#8221;12px&#8221; text_font_size_last_edited=&#8221;on|phone&#8221; locked=&#8221;off&#8221; global_colors_info=&#8221;{%22gcid-body-color%22:%91%22header_text_color%22,%22header_2_text_color%22,%22text_text_color%22,%22header_text_color%22,%22header_2_text_color%22,%22text_text_color%22%93,%22gcid-e30c3a1c-e085-4bef-9ee7-126ee051f15f%22:%91%22background_color%22%93}&#8221;]<\/p>\n<p><span>Data l\u00edmite de inscrici\u00f3n: 24\/04\/2026 \u00e1s 14:00 h<\/span><\/p>\n<p>[\/et_pb_text][et_pb_text disabled_on=&#8221;on|on|on&#8221; _builder_version=&#8221;4.27.5&#8243; _module_preset=&#8221;default&#8221; custom_margin=&#8221;||45px||false|false&#8221; custom_margin_tablet=&#8221;||30px||false|false&#8221; custom_margin_phone=&#8221;||30px||false|false&#8221; hover_enabled=&#8221;0&#8243; locked=&#8221;off&#8221; global_colors_info=&#8221;{}&#8221; disabled=&#8221;on&#8221; sticky_enabled=&#8221;0&#8243;]<\/p>\n<p>Se desexa asistir ao evento <strong>EN LI\u00d1A<\/strong> , complete o seguinte formulario e enviar\u00e9moslle as instruci\u00f3ns para conectarse o d\u00eda do evento ao seu enderezo de correo electr\u00f3nico.<\/p>\n<p>[\/et_pb_text][et_pb_text disabled_on=&#8221;on|on|on&#8221; _builder_version=&#8221;4.27.5&#8243; _module_preset=&#8221;default&#8221; disabled=&#8221;on&#8221; global_colors_info=&#8221;{}&#8221;]<\/p>\n\n<div class=\"wpcf7 no-js\" id=\"wpcf7-f5871-o1\" lang=\"gl-ES\" dir=\"ltr\" data-wpcf7-id=\"5871\">\n<div class=\"screen-reader-response\"><p role=\"status\" aria-live=\"polite\" aria-atomic=\"true\"><\/p> <ul><\/ul><\/div>\n<form action=\"\/gl\/wp-json\/wp\/v2\/pages\/1315#wpcf7-f5871-o1\" method=\"post\" class=\"wpcf7-form init\" aria-label=\"Formulario de contacto\" novalidate=\"novalidate\" data-status=\"init\">\n<fieldset class=\"hidden-fields-container\"><input type=\"hidden\" name=\"_wpcf7\" value=\"5871\" \/><input type=\"hidden\" name=\"_wpcf7_version\" value=\"6.1.5\" \/><input type=\"hidden\" name=\"_wpcf7_locale\" value=\"gl_ES\" \/><input type=\"hidden\" name=\"_wpcf7_unit_tag\" value=\"wpcf7-f5871-o1\" \/><input type=\"hidden\" name=\"_wpcf7_container_post\" value=\"0\" \/><input type=\"hidden\" name=\"_wpcf7_posted_data_hash\" value=\"\" \/><input type=\"hidden\" name=\"_wpcf7_recaptcha_response\" value=\"\" \/>\n<\/fieldset>\n<div class=\"gssg-form gssg-contact-form\">\n\t<div class=\"form-row\">\n\t\t<div class=\"form-col form-type-text form-field-name\">\n\t\t\t<p><label for=\"your-name\">Nome <em>*<\/em><\/label><span class=\"wpcf7-form-control-wrap\" data-name=\"your-name\"><input size=\"40\" maxlength=\"400\" class=\"wpcf7-form-control wpcf7-text wpcf7-validates-as-required\" aria-required=\"true\" aria-invalid=\"false\" value=\"\" type=\"text\" name=\"your-name\" \/><\/span>\n\t\t\t<\/p>\n\t\t<\/div>\n\t\t<div class=\"form-col form-type-tel form-field-surname\">\n\t\t\t<p><label for=\"your-surname\">Apelidos <em>*<\/em><\/label><span class=\"wpcf7-form-control-wrap\" data-name=\"your-surname\"><input size=\"40\" maxlength=\"400\" class=\"wpcf7-form-control wpcf7-text wpcf7-validates-as-required\" aria-required=\"true\" aria-invalid=\"false\" value=\"\" type=\"text\" name=\"your-surname\" \/><\/span>\n\t\t\t<\/p>\n\t\t<\/div>\n\t<\/div>\n\t<div class=\"form-row\">\n\t\t<div class=\"form-col form-type-email form-field-email\">\n\t\t\t<p><label for=\"your-email\">Correo electr\u00f3nico <em>*<\/em><\/label><span class=\"wpcf7-form-control-wrap\" data-name=\"your-email\"><input size=\"40\" maxlength=\"400\" class=\"wpcf7-form-control wpcf7-email wpcf7-validates-as-required wpcf7-text wpcf7-validates-as-email\" aria-required=\"true\" aria-invalid=\"false\" value=\"\" type=\"email\" name=\"your-email\" \/><\/span>\n\t\t\t<\/p>\n\t\t<\/div>\n\t\t<div class=\"form-col form-type-tel form-field-phone\">\n\t\t\t<p><label for=\"your-phone\">Tel\u00e9fono <em>*<\/em><\/label><span class=\"wpcf7-form-control-wrap\" data-name=\"your-phone\"><input size=\"40\" maxlength=\"400\" class=\"wpcf7-form-control wpcf7-tel wpcf7-validates-as-required wpcf7-text wpcf7-validates-as-tel\" aria-required=\"true\" aria-invalid=\"false\" placeholder=\"Introduza o c\u00f3digo do seu pa\u00eds se est\u00e1 f\u00f3ra de Espa\u00f1a\" value=\"\" type=\"tel\" name=\"your-phone\" \/><\/span>\n\t\t\t<\/p>\n\t\t<\/div>\n\t<\/div>\n\t<div class=\"form-row\">\n\t\t<div class=\"form-col form-type-select form-field-sector\">\n\t\t\t<p><label for=\"your-sector\">Sector\/\u00e1mbito organizacional <em>*<\/em><\/label><span class=\"wpcf7-form-control-wrap\" data-name=\"sector\"><select class=\"wpcf7-form-control wpcf7-select wpcf7-validates-as-required\" aria-required=\"true\" aria-invalid=\"false\" name=\"sector\"><option value=\"Administraci\u00f3n P\u00fablica\">Administraci\u00f3n P\u00fablica<\/option><option value=\"Conservaci\u00f3n produtos do mar\">Conservaci\u00f3n produtos do mar<\/option><option value=\"Distribuci\u00f3n e venda produtos do mar\">Distribuci\u00f3n e venda produtos do mar<\/option><option value=\"Industria acuicultura\">Industria acuicultura<\/option><option value=\"Industria agricultura\">Industria agricultura<\/option><option value=\"Industria elaboraci\u00f3n produtos do mar\">Industria elaboraci\u00f3n produtos do mar<\/option><option value=\"Industria pesca\">Industria pesca<\/option><option value=\"Investigaci\u00f3n e ensino produtos do mar\">Investigaci\u00f3n e ensino produtos do mar<\/option><option value=\"Xornalista\/Prensa\">Xornalista\/Prensa<\/option><option value=\"Outros\">Outros<\/option><\/select><\/span>\n\t\t\t<\/p>\n\t\t<\/div>\n\t<\/div>\n\t<div class=\"form-row\">\n\t\t<div class=\"form-col form-type-text form-field-company\">\n\t\t\t<p><label for=\"your-company\">Organizaci\u00f3n\/compa\u00f1\u00eda <em>*<\/em><\/label><span class=\"wpcf7-form-control-wrap\" data-name=\"your-company\"><input size=\"40\" maxlength=\"400\" class=\"wpcf7-form-control wpcf7-text wpcf7-validates-as-required\" aria-required=\"true\" aria-invalid=\"false\" value=\"\" type=\"text\" name=\"your-company\" \/><\/span>\n\t\t\t<\/p>\n\t\t<\/div>\n\t<\/div>\n\t<div class=\"form-row\">\n\t\t<div class=\"form-col form-type-text form-field-position\">\n\t\t\t<p><label for=\"your-business\">Cargo <em>*<\/em><\/label><span class=\"wpcf7-form-control-wrap\" data-name=\"your-position\"><input size=\"40\" maxlength=\"400\" class=\"wpcf7-form-control wpcf7-text wpcf7-validates-as-required\" aria-required=\"true\" aria-invalid=\"false\" value=\"\" type=\"text\" name=\"your-position\" \/><\/span>\n\t\t\t<\/p>\n\t\t<\/div>\n\t<\/div>\n\t<div class=\"form-row\">\n\t\t<div class=\"form-col form-type-check form-field-acceptance\">\n\t\t\t<p><span class=\"wpcf7-form-control-wrap\" data-name=\"your-acceptance\"><span class=\"wpcf7-form-control wpcf7-acceptance\"><span class=\"wpcf7-list-item\"><label><input type=\"checkbox\" name=\"your-acceptance\" value=\"1\" aria-invalid=\"false\" \/><span class=\"wpcf7-list-item-label\">Lin e acepto a <a href=\"https:\/\/gssgaliciaforum.com\/politica-privacidad\/\" target=\"_blank\">Pol\u00edtica de Privacidade e Protecci\u00f3n de Datos<\/a> <em>*<\/em><\/span><\/label><\/span><\/span><\/span>\n\t\t\t<\/p>\n\t\t<\/div>\n\t<\/div>\n\t<div class=\"form-row\">\n\t\t<div class=\"form-col form-type-submit form-field-submit\">\n\t\t\t<p><input class=\"wpcf7-form-control wpcf7-submit has-spinner\" type=\"submit\" value=\"Rexistrarse\" \/>\n\t\t\t<\/p>\n\t\t<\/div>\n\t<\/div>\n<\/div><div class=\"wpcf7-response-output\" aria-hidden=\"true\"><\/div>\n<\/form>\n<\/div>\n\n<p>[\/et_pb_text][et_pb_text disabled_on=&#8221;off|off|off&#8221; _builder_version=&#8221;4.27.5&#8243; _module_preset=&#8221;default&#8221; text_font_size=&#8221;20px&#8221; text_orientation=&#8221;center&#8221; global_colors_info=&#8221;{}&#8221;]<\/p>\n<p>Pechado o prazo de inscrici\u00f3n<\/p>\n<p>[\/et_pb_text][\/et_pb_column][\/et_pb_row][\/et_pb_section]<\/p>\n","protected":false},"excerpt":{"rendered":"<p>Asistencia en li\u00f1aData l\u00edmite de inscrici\u00f3n: 24\/04\/2026 \u00e1s 14:00 hSe desexa asistir ao evento EN LI\u00d1A , complete o seguinte formulario e enviar\u00e9moslle as instruci\u00f3ns para conectarse o d\u00eda do evento ao seu enderezo de correo electr\u00f3nico.\n<div class=\"wpcf7 no-js\" id=\"wpcf7-f5871-o2\" lang=\"gl-ES\" dir=\"ltr\" data-wpcf7-id=\"5871\">\n<div class=\"screen-reader-response\"><p role=\"status\" aria-live=\"polite\" aria-atomic=\"true\"><\/p> <ul><\/ul><\/div>\n<form action=\"\/gl\/wp-json\/wp\/v2\/pages\/1315#wpcf7-f5871-o2\" method=\"post\" class=\"wpcf7-form init\" aria-label=\"Formulario de contacto\" novalidate=\"novalidate\" data-status=\"init\">\n<fieldset class=\"hidden-fields-container\"><input type=\"hidden\" name=\"_wpcf7\" value=\"5871\" \/><input type=\"hidden\" name=\"_wpcf7_version\" value=\"6.1.5\" \/><input type=\"hidden\" name=\"_wpcf7_locale\" value=\"gl_ES\" \/><input type=\"hidden\" name=\"_wpcf7_unit_tag\" value=\"wpcf7-f5871-o2\" \/><input type=\"hidden\" name=\"_wpcf7_container_post\" value=\"0\" \/><input type=\"hidden\" name=\"_wpcf7_posted_data_hash\" value=\"\" \/><input type=\"hidden\" name=\"_wpcf7_recaptcha_response\" value=\"\" \/>\n<\/fieldset>\n<div class=\"gssg-form gssg-contact-form\">\n\t<div class=\"form-row\">\n\t\t<div class=\"form-col form-type-text form-field-name\">\n\t\t\t<p><label for=\"your-name\">Nome <em>*<\/em><\/label><span class=\"wpcf7-form-control-wrap\" data-name=\"your-name\"><input size=\"40\" maxlength=\"400\" class=\"wpcf7-form-control wpcf7-text wpcf7-validates-as-required\" aria-required=\"true\" aria-invalid=\"false\" value=\"\" type=\"text\" name=\"your-name\" \/><\/span>\n\t\t\t<\/p>\n\t\t<\/div>\n\t\t<div class=\"form-col form-type-tel form-field-surname\">\n\t\t\t<p><label for=\"your-surname\">Apelidos <em>*<\/em><\/label><span class=\"wpcf7-form-control-wrap\" data-name=\"your-surname\"><input size=\"40\" maxlength=\"400\" class=\"wpcf7-form-control wpcf7-text wpcf7-validates-as-required\" aria-required=\"true\" aria-invalid=\"false\" value=\"\" type=\"text\" name=\"your-surname\" \/><\/span>\n\t\t\t<\/p>\n\t\t<\/div>\n\t<\/div>\n\t<div class=\"form-row\">\n\t\t<div class=\"form-col form-type-email form-field-email\">\n\t\t\t<p><label for=\"your-email\">Correo electr\u00f3nico <em>*<\/em><\/label><span class=\"wpcf7-form-control-wrap\" data-name=\"your-email\"><input size=\"40\" maxlength=\"400\" class=\"wpcf7-form-control wpcf7-email wpcf7-validates-as-required wpcf7-text wpcf7-validates-as-email\" aria-required=\"true\" aria-invalid=\"false\" value=\"\" type=\"email\" name=\"your-email\" \/><\/span>\n\t\t\t<\/p>\n\t\t<\/div>\n\t\t<div class=\"form-col form-type-tel form-field-phone\">\n\t\t\t<p><label for=\"your-phone\">Tel\u00e9fono <em>*<\/em><\/label><span class=\"wpcf7-form-control-wrap\" data-name=\"your-phone\"><input size=\"40\" maxlength=\"400\" class=\"wpcf7-form-control wpcf7-tel wpcf7-validates-as-required wpcf7-text wpcf7-validates-as-tel\" aria-required=\"true\" aria-invalid=\"false\" placeholder=\"Introduza o c\u00f3digo do seu pa\u00eds se est\u00e1 f\u00f3ra de Espa\u00f1a\" value=\"\" type=\"tel\" name=\"your-phone\" \/><\/span>\n\t\t\t<\/p>\n\t\t<\/div>\n\t<\/div>\n\t<div class=\"form-row\">\n\t\t<div class=\"form-col form-type-select form-field-sector\">\n\t\t\t<p><label for=\"your-sector\">Sector\/\u00e1mbito organizacional <em>*<\/em><\/label><span class=\"wpcf7-form-control-wrap\" data-name=\"sector\"><select class=\"wpcf7-form-control wpcf7-select wpcf7-validates-as-required\" aria-required=\"true\" aria-invalid=\"false\" name=\"sector\"><option value=\"Administraci\u00f3n P\u00fablica\">Administraci\u00f3n P\u00fablica<\/option><option value=\"Conservaci\u00f3n produtos do mar\">Conservaci\u00f3n produtos do mar<\/option><option value=\"Distribuci\u00f3n e venda produtos do mar\">Distribuci\u00f3n e venda produtos do mar<\/option><option value=\"Industria acuicultura\">Industria acuicultura<\/option><option value=\"Industria agricultura\">Industria agricultura<\/option><option value=\"Industria elaboraci\u00f3n produtos do mar\">Industria elaboraci\u00f3n produtos do mar<\/option><option value=\"Industria pesca\">Industria pesca<\/option><option value=\"Investigaci\u00f3n e ensino produtos do mar\">Investigaci\u00f3n e ensino produtos do mar<\/option><option value=\"Xornalista\/Prensa\">Xornalista\/Prensa<\/option><option value=\"Outros\">Outros<\/option><\/select><\/span>\n\t\t\t<\/p>\n\t\t<\/div>\n\t<\/div>\n\t<div class=\"form-row\">\n\t\t<div class=\"form-col form-type-text form-field-company\">\n\t\t\t<p><label for=\"your-company\">Organizaci\u00f3n\/compa\u00f1\u00eda <em>*<\/em><\/label><span class=\"wpcf7-form-control-wrap\" data-name=\"your-company\"><input size=\"40\" maxlength=\"400\" class=\"wpcf7-form-control wpcf7-text wpcf7-validates-as-required\" aria-required=\"true\" aria-invalid=\"false\" value=\"\" type=\"text\" name=\"your-company\" \/><\/span>\n\t\t\t<\/p>\n\t\t<\/div>\n\t<\/div>\n\t<div class=\"form-row\">\n\t\t<div class=\"form-col form-type-text form-field-position\">\n\t\t\t<p><label for=\"your-business\">Cargo <em>*<\/em><\/label><span class=\"wpcf7-form-control-wrap\" data-name=\"your-position\"><input size=\"40\" maxlength=\"400\" class=\"wpcf7-form-control wpcf7-text wpcf7-validates-as-required\" aria-required=\"true\" aria-invalid=\"false\" value=\"\" type=\"text\" name=\"your-position\" \/><\/span>\n\t\t\t<\/p>\n\t\t<\/div>\n\t<\/div>\n\t<div class=\"form-row\">\n\t\t<div class=\"form-col form-type-check form-field-acceptance\">\n\t\t\t<p><span class=\"wpcf7-form-control-wrap\" data-name=\"your-acceptance\"><span class=\"wpcf7-form-control wpcf7-acceptance\"><span class=\"wpcf7-list-item\"><label><input type=\"checkbox\" name=\"your-acceptance\" value=\"1\" aria-invalid=\"false\" \/><span class=\"wpcf7-list-item-label\">Lin e acepto a <a href=\"https:\/\/gssgaliciaforum.com\/politica-privacidad\/\" target=\"_blank\">Pol\u00edtica de Privacidade e Protecci\u00f3n de Datos<\/a> <em>*<\/em><\/span><\/label><\/span><\/span><\/span>\n\t\t\t<\/p>\n\t\t<\/div>\n\t<\/div>\n\t<div class=\"form-row\">\n\t\t<div class=\"form-col form-type-submit form-field-submit\">\n\t\t\t<p><input class=\"wpcf7-form-control wpcf7-submit has-spinner\" type=\"submit\" value=\"Rexistrarse\" \/>\n\t\t\t<\/p>\n\t\t<\/div>\n\t<\/div>\n<\/div><div class=\"wpcf7-response-output\" aria-hidden=\"true\"><\/div>\n<\/form>\n<\/div>\nPechado o prazo de inscrici\u00f3n<\/p>\n","protected":false},"author":1,"featured_media":0,"parent":0,"menu_order":12,"comment_status":"closed","ping_status":"closed","template":"","meta":{"_et_pb_use_builder":"on","_et_pb_old_content":"","_et_gb_content_width":"","footnotes":""},"class_list":["post-1315","page","type-page","status-publish","hentry"],"yoast_head":"<!-- This site is optimized with the Yoast SEO plugin v27.0 - https:\/\/yoast.com\/product\/yoast-seo-wordpress\/ -->\n<title>Inscrici\u00f3n Foro Galicia Sostibilidade Global de Productos do Mar<\/title>\n<meta name=\"description\" content=\"Rex\u00edstrese para asistir de forma virtual ao Foro GSSG. Asegure a s\u00faa praza e participe nos debates clave desde calquera lugar.\" \/>\n<meta name=\"robots\" content=\"index, follow, max-snippet:-1, max-image-preview:large, max-video-preview:-1\" \/>\n<link rel=\"canonical\" href=\"https:\/\/gssgaliciaforum.com\/gl\/asistencia-online\/\" \/>\n<meta property=\"og:locale\" content=\"gl_ES\" \/>\n<meta property=\"og:type\" content=\"article\" \/>\n<meta property=\"og:title\" content=\"Inscrici\u00f3n Foro Galicia Sostibilidade Global de Productos do Mar\" \/>\n<meta property=\"og:description\" content=\"Rex\u00edstrese para asistir de forma virtual ao Foro GSSG. Asegure a s\u00faa praza e participe nos debates clave desde calquera lugar.\" \/>\n<meta property=\"og:url\" content=\"https:\/\/gssgaliciaforum.com\/gl\/asistencia-online\/\" \/>\n<meta property=\"og:site_name\" content=\"Foro GSSG\" \/>\n<meta property=\"article:modified_time\" content=\"2026-04-24T11:54:36+00:00\" \/>\n<meta name=\"twitter:card\" content=\"summary_large_image\" \/>\n<meta name=\"twitter:label1\" content=\"Tempo de lectura\" \/>\n\t<meta name=\"twitter:data1\" content=\"3 minutos\" \/>\n<script type=\"application\/ld+json\" class=\"yoast-schema-graph\">{\"@context\":\"https:\/\/schema.org\",\"@graph\":[{\"@type\":\"WebPage\",\"@id\":\"https:\/\/gssgaliciaforum.com\/gl\/asistencia-online\/\",\"url\":\"https:\/\/gssgaliciaforum.com\/gl\/asistencia-online\/\",\"name\":\"Inscrici\u00f3n Foro Galicia Sostibilidade Global de Productos do Mar\",\"isPartOf\":{\"@id\":\"https:\/\/gssgaliciaforum.com\/gl\/#website\"},\"datePublished\":\"2024-09-18T09:36:07+00:00\",\"dateModified\":\"2026-04-24T11:54:36+00:00\",\"description\":\"Rex\u00edstrese para asistir de forma virtual ao Foro GSSG. Asegure a s\u00faa praza e participe nos debates clave desde calquera lugar.\",\"breadcrumb\":{\"@id\":\"https:\/\/gssgaliciaforum.com\/gl\/asistencia-online\/#breadcrumb\"},\"inLanguage\":\"gl-ES\",\"potentialAction\":[{\"@type\":\"ReadAction\",\"target\":[\"https:\/\/gssgaliciaforum.com\/gl\/asistencia-online\/\"]}]},{\"@type\":\"BreadcrumbList\",\"@id\":\"https:\/\/gssgaliciaforum.com\/gl\/asistencia-online\/#breadcrumb\",\"itemListElement\":[{\"@type\":\"ListItem\",\"position\":1,\"name\":\"Portada\",\"item\":\"https:\/\/gssgaliciaforum.com\/gl\/\"},{\"@type\":\"ListItem\",\"position\":2,\"name\":\"Soporte en li\u00f1a\"}]},{\"@type\":\"WebSite\",\"@id\":\"https:\/\/gssgaliciaforum.com\/gl\/#website\",\"url\":\"https:\/\/gssgaliciaforum.com\/gl\/\",\"name\":\"Foro GSSG\",\"description\":\"IV Foro Galicia Sostibilidade Global de Productos do Mar\",\"potentialAction\":[{\"@type\":\"SearchAction\",\"target\":{\"@type\":\"EntryPoint\",\"urlTemplate\":\"https:\/\/gssgaliciaforum.com\/gl\/?s={search_term_string}\"},\"query-input\":{\"@type\":\"PropertyValueSpecification\",\"valueRequired\":true,\"valueName\":\"search_term_string\"}}],\"inLanguage\":\"gl-ES\"}]}<\/script>\n<!-- \/ Yoast SEO plugin. -->","yoast_head_json":{"title":"Inscrici\u00f3n Foro Galicia Sostibilidade Global de Productos do Mar","description":"Rex\u00edstrese para asistir de forma virtual ao Foro GSSG. Asegure a s\u00faa praza e participe nos debates clave desde calquera lugar.","robots":{"index":"index","follow":"follow","max-snippet":"max-snippet:-1","max-image-preview":"max-image-preview:large","max-video-preview":"max-video-preview:-1"},"canonical":"https:\/\/gssgaliciaforum.com\/gl\/asistencia-online\/","og_locale":"gl_ES","og_type":"article","og_title":"Inscrici\u00f3n Foro Galicia Sostibilidade Global de Productos do Mar","og_description":"Rex\u00edstrese para asistir de forma virtual ao Foro GSSG. Asegure a s\u00faa praza e participe nos debates clave desde calquera lugar.","og_url":"https:\/\/gssgaliciaforum.com\/gl\/asistencia-online\/","og_site_name":"Foro GSSG","article_modified_time":"2026-04-24T11:54:36+00:00","twitter_card":"summary_large_image","twitter_misc":{"Tempo de lectura":"3 minutos"},"schema":{"@context":"https:\/\/schema.org","@graph":[{"@type":"WebPage","@id":"https:\/\/gssgaliciaforum.com\/gl\/asistencia-online\/","url":"https:\/\/gssgaliciaforum.com\/gl\/asistencia-online\/","name":"Inscrici\u00f3n Foro Galicia Sostibilidade Global de Productos do Mar","isPartOf":{"@id":"https:\/\/gssgaliciaforum.com\/gl\/#website"},"datePublished":"2024-09-18T09:36:07+00:00","dateModified":"2026-04-24T11:54:36+00:00","description":"Rex\u00edstrese para asistir de forma virtual ao Foro GSSG. Asegure a s\u00faa praza e participe nos debates clave desde calquera lugar.","breadcrumb":{"@id":"https:\/\/gssgaliciaforum.com\/gl\/asistencia-online\/#breadcrumb"},"inLanguage":"gl-ES","potentialAction":[{"@type":"ReadAction","target":["https:\/\/gssgaliciaforum.com\/gl\/asistencia-online\/"]}]},{"@type":"BreadcrumbList","@id":"https:\/\/gssgaliciaforum.com\/gl\/asistencia-online\/#breadcrumb","itemListElement":[{"@type":"ListItem","position":1,"name":"Portada","item":"https:\/\/gssgaliciaforum.com\/gl\/"},{"@type":"ListItem","position":2,"name":"Soporte en li\u00f1a"}]},{"@type":"WebSite","@id":"https:\/\/gssgaliciaforum.com\/gl\/#website","url":"https:\/\/gssgaliciaforum.com\/gl\/","name":"Foro GSSG","description":"IV Foro Galicia Sostibilidade Global de Productos do Mar","potentialAction":[{"@type":"SearchAction","target":{"@type":"EntryPoint","urlTemplate":"https:\/\/gssgaliciaforum.com\/gl\/?s={search_term_string}"},"query-input":{"@type":"PropertyValueSpecification","valueRequired":true,"valueName":"search_term_string"}}],"inLanguage":"gl-ES"}]}},"_links":{"self":[{"href":"https:\/\/gssgaliciaforum.com\/gl\/wp-json\/wp\/v2\/pages\/1315","targetHints":{"allow":["GET"]}}],"collection":[{"href":"https:\/\/gssgaliciaforum.com\/gl\/wp-json\/wp\/v2\/pages"}],"about":[{"href":"https:\/\/gssgaliciaforum.com\/gl\/wp-json\/wp\/v2\/types\/page"}],"author":[{"embeddable":true,"href":"https:\/\/gssgaliciaforum.com\/gl\/wp-json\/wp\/v2\/users\/1"}],"replies":[{"embeddable":true,"href":"https:\/\/gssgaliciaforum.com\/gl\/wp-json\/wp\/v2\/comments?post=1315"}],"version-history":[{"count":5,"href":"https:\/\/gssgaliciaforum.com\/gl\/wp-json\/wp\/v2\/pages\/1315\/revisions"}],"predecessor-version":[{"id":630652,"href":"https:\/\/gssgaliciaforum.com\/gl\/wp-json\/wp\/v2\/pages\/1315\/revisions\/630652"}],"wp:attachment":[{"href":"https:\/\/gssgaliciaforum.com\/gl\/wp-json\/wp\/v2\/media?parent=1315"}],"curies":[{"name":"wp","href":"https:\/\/api.w.org\/{rel}","templated":true}]}}